{"id":2635,"date":"2023-09-30T16:22:52","date_gmt":"2023-09-30T16:22:52","guid":{"rendered":"https:\/\/respiralibre.com\/?page_id=2635"},"modified":"2023-10-18T21:53:43","modified_gmt":"2023-10-19T01:53:43","slug":"preguntas-frecuentes","status":"publish","type":"page","link":"https:\/\/respiralibre.com\/index.php\/preguntas-frecuentes\/","title":{"rendered":"Preguntas Frecuentes"},"content":{"rendered":"\t\t<div data-elementor-type=\"wp-page\" data-elementor-id=\"2635\" class=\"elementor elementor-2635\" data-elementor-post-type=\"page\">\n\t\t\t\t<div class=\"elementor-element elementor-element-c4749de e-flex e-con-boxed e-con e-parent\" data-id=\"c4749de\" data-element_type=\"container\">\n\t\t\t\t\t<div class=\"e-con-inner\">\n\t\t<div class=\"elementor-element elementor-element-9f8f3b6 e-con-full e-flex elementor-invisible e-con e-child\" data-id=\"9f8f3b6\" data-element_type=\"container\" data-settings=\"{&quot;animation&quot;:&quot;slideInDown&quot;}\">\n\t\t\t\t<div class=\"elementor-element elementor-element-17a08c2 elementor-widget elementor-widget-heading\" data-id=\"17a08c2\" data-element_type=\"widget\" data-widget_type=\"heading.default\">\n\t\t\t\t<div class=\"elementor-widget-container\">\n\t\t\t<h2 class=\"elementor-heading-title elementor-size-default\">Bienvenido a nuestra secci\u00f3n de Preguntas Frecuentes (FAQ)<\/h2>\t\t<\/div>\n\t\t\t\t<\/div>\n\t\t\t\t<div class=\"elementor-element elementor-element-fac84b2 elementor-widget elementor-widget-text-editor\" data-id=\"fac84b2\" data-element_type=\"widget\" data-widget_type=\"text-editor.default\">\n\t\t\t\t<div class=\"elementor-widget-container\">\n\t\t\t\t\t\t\t<p>En Respira Libre, entendemos que cuando buscas soluciones para tu salud y bienestar, es natural tener preguntas. Aqu\u00ed, hemos recopilado las respuestas a las consultas m\u00e1s comunes que nuestros visitantes suelen plantear.<\/p>\t\t\t\t\t\t<\/div>\n\t\t\t\t<\/div>\n\t\t\t\t<\/div>\n\t\t\t\t\t<\/div>\n\t\t\t\t<\/div>\n\t\t<div class=\"elementor-element elementor-element-0498bb3 e-flex e-con-boxed e-con e-parent\" data-id=\"0498bb3\" data-element_type=\"container\">\n\t\t\t\t\t<div class=\"e-con-inner\">\n\t\t<div class=\"elementor-element elementor-element-b3335e0 e-flex e-con-boxed e-con e-child\" data-id=\"b3335e0\" data-element_type=\"container\">\n\t\t\t\t\t<div class=\"e-con-inner\">\n\t\t<div class=\"elementor-element elementor-element-da898fa e-flex e-con-boxed elementor-invisible e-con e-child\" data-id=\"da898fa\" data-element_type=\"container\" data-settings=\"{&quot;animation&quot;:&quot;fadeInUp&quot;,&quot;animation_delay&quot;:100}\">\n\t\t\t\t\t<div class=\"e-con-inner\">\n\t\t\t\t<div class=\"elementor-element elementor-element-9b71028 elementor-position-left elementor-view-default elementor-mobile-position-top elementor-vertical-align-top elementor-widget elementor-widget-icon-box\" data-id=\"9b71028\" data-element_type=\"widget\" data-widget_type=\"icon-box.default\">\n\t\t\t\t<div class=\"elementor-widget-container\">\n\t\t\t\t\t<div class=\"elementor-icon-box-wrapper\">\n\n\t\t\t\t\t\t<div class=\"elementor-icon-box-icon\">\n\t\t\t\t<span  class=\"elementor-icon elementor-animation-\">\n\t\t\t\t<svg xmlns=\"http:\/\/www.w3.org\/2000\/svg\" width=\"30\" height=\"40\" viewBox=\"0 0 30 40\" fill=\"none\"><rect width=\"30\" height=\"40\" rx=\"15\" fill=\"#0083C0\"><\/rect><path d=\"M16.1339 25.94V29H13.1699V25.94H16.1339ZM9.22191 15.008C9.73391 13.864 10.4979 12.98 11.5139 12.356C12.5379 11.724 13.7139 11.408 15.0419 11.408C16.1379 11.408 17.0939 11.588 17.9099 11.948C18.7259 12.308 19.3579 12.8 19.8059 13.424C20.2539 14.048 20.4779 14.756 20.4779 15.548C20.4779 16.356 20.3179 17.052 19.9979 17.636C19.6779 18.22 19.2819 18.752 18.8099 19.232C18.3379 19.712 17.8659 20.192 17.3939 20.672C16.9219 21.144 16.5259 21.668 16.2059 22.244C15.8859 22.812 15.7259 23.488 15.7259 24.272H13.5779C13.5779 23.368 13.7219 22.588 14.0099 21.932C14.2979 21.268 14.6539 20.676 15.0779 20.156C15.5099 19.636 15.9379 19.148 16.3619 18.692C16.7859 18.236 17.1419 17.768 17.4299 17.288C17.7259 16.808 17.8739 16.268 17.8739 15.668C17.8739 14.932 17.6099 14.352 17.0819 13.928C16.5539 13.504 15.8699 13.292 15.0299 13.292C14.5339 13.292 14.0459 13.396 13.5659 13.604C13.0939 13.804 12.6699 14.08 12.2939 14.432C11.9259 14.784 11.6539 15.184 11.4779 15.632L9.22191 15.008Z\" fill=\"white\"><\/path><\/svg>\t\t\t\t<\/span>\n\t\t\t<\/div>\n\t\t\t\n\t\t\t\t\t\t<div class=\"elementor-icon-box-content\">\n\n\t\t\t\t\t\t\t\t\t<h3 class=\"elementor-icon-box-title\">\n\t\t\t\t\t\t<span  >\n\t\t\t\t\t\t\t\u00bfQu\u00e9 tipos de cirug\u00eda l\u00e1ser se realizan en Consultorio Respira Libre?\t\t\t\t\t\t<\/span>\n\t\t\t\t\t<\/h3>\n\t\t\t\t\n\t\t\t\t\t\t\t\t\t<p class=\"elementor-icon-box-description\">\n\t\t\t\t\t\tEn Consultorio Respira Libre realizamos cirug\u00edas l\u00e1ser para tratar problemas como apnea del sue\u00f1o, ronquidos, sinusitis cr\u00f3nica, obstrucci\u00f3n nasal y otros trastornos respiratorios\t\t\t\t\t<\/p>\n\t\t\t\t\n\t\t\t<\/div>\n\t\t\t\n\t\t<\/div>\n\t\t\t\t<\/div>\n\t\t\t\t<\/div>\n\t\t\t\t\t<\/div>\n\t\t\t\t<\/div>\n\t\t<div class=\"elementor-element elementor-element-df4a2ed e-flex e-con-boxed elementor-invisible e-con e-child\" data-id=\"df4a2ed\" data-element_type=\"container\" data-settings=\"{&quot;animation&quot;:&quot;fadeInUp&quot;,&quot;animation_delay&quot;:150}\">\n\t\t\t\t\t<div class=\"e-con-inner\">\n\t\t\t\t<div class=\"elementor-element elementor-element-78dda24 elementor-position-left elementor-view-default elementor-mobile-position-top elementor-vertical-align-top elementor-widget elementor-widget-icon-box\" data-id=\"78dda24\" data-element_type=\"widget\" data-widget_type=\"icon-box.default\">\n\t\t\t\t<div class=\"elementor-widget-container\">\n\t\t\t\t\t<div class=\"elementor-icon-box-wrapper\">\n\n\t\t\t\t\t\t<div class=\"elementor-icon-box-icon\">\n\t\t\t\t<span  class=\"elementor-icon elementor-animation-\">\n\t\t\t\t<svg xmlns=\"http:\/\/www.w3.org\/2000\/svg\" width=\"30\" height=\"40\" viewBox=\"0 0 30 40\" fill=\"none\"><rect width=\"30\" height=\"40\" rx=\"15\" fill=\"#0083C0\"><\/rect><path d=\"M16.1339 25.94V29H13.1699V25.94H16.1339ZM9.22191 15.008C9.73391 13.864 10.4979 12.98 11.5139 12.356C12.5379 11.724 13.7139 11.408 15.0419 11.408C16.1379 11.408 17.0939 11.588 17.9099 11.948C18.7259 12.308 19.3579 12.8 19.8059 13.424C20.2539 14.048 20.4779 14.756 20.4779 15.548C20.4779 16.356 20.3179 17.052 19.9979 17.636C19.6779 18.22 19.2819 18.752 18.8099 19.232C18.3379 19.712 17.8659 20.192 17.3939 20.672C16.9219 21.144 16.5259 21.668 16.2059 22.244C15.8859 22.812 15.7259 23.488 15.7259 24.272H13.5779C13.5779 23.368 13.7219 22.588 14.0099 21.932C14.2979 21.268 14.6539 20.676 15.0779 20.156C15.5099 19.636 15.9379 19.148 16.3619 18.692C16.7859 18.236 17.1419 17.768 17.4299 17.288C17.7259 16.808 17.8739 16.268 17.8739 15.668C17.8739 14.932 17.6099 14.352 17.0819 13.928C16.5539 13.504 15.8699 13.292 15.0299 13.292C14.5339 13.292 14.0459 13.396 13.5659 13.604C13.0939 13.804 12.6699 14.08 12.2939 14.432C11.9259 14.784 11.6539 15.184 11.4779 15.632L9.22191 15.008Z\" fill=\"white\"><\/path><\/svg>\t\t\t\t<\/span>\n\t\t\t<\/div>\n\t\t\t\n\t\t\t\t\t\t<div class=\"elementor-icon-box-content\">\n\n\t\t\t\t\t\t\t\t\t<h3 class=\"elementor-icon-box-title\">\n\t\t\t\t\t\t<span  >\n\t\t\t\t\t\t\t\u00bfCu\u00e1les son los beneficios de la cirug\u00eda l\u00e1ser en comparaci\u00f3n con otros tratamientos?\t\t\t\t\t\t<\/span>\n\t\t\t\t\t<\/h3>\n\t\t\t\t\n\t\t\t\t\t\t\t\t\t<p class=\"elementor-icon-box-description\">\n\t\t\t\t\t\tLa cirug\u00eda l\u00e1ser ofrece numerosos beneficios, como procedimientos ambulatorios, tiempos de recuperaci\u00f3n m\u00e1s r\u00e1pidos, menor necesidad de medicamentos y resultados duraderos\t\t\t\t\t<\/p>\n\t\t\t\t\n\t\t\t<\/div>\n\t\t\t\n\t\t<\/div>\n\t\t\t\t<\/div>\n\t\t\t\t<\/div>\n\t\t\t\t\t<\/div>\n\t\t\t\t<\/div>\n\t\t<div class=\"elementor-element elementor-element-58cb305 e-flex e-con-boxed elementor-invisible e-con e-child\" data-id=\"58cb305\" data-element_type=\"container\" data-settings=\"{&quot;animation&quot;:&quot;fadeInUp&quot;,&quot;animation_delay&quot;:200}\">\n\t\t\t\t\t<div class=\"e-con-inner\">\n\t\t\t\t<div class=\"elementor-element elementor-element-cbb9973 elementor-position-left elementor-view-default elementor-mobile-position-top elementor-vertical-align-top elementor-widget elementor-widget-icon-box\" data-id=\"cbb9973\" data-element_type=\"widget\" data-widget_type=\"icon-box.default\">\n\t\t\t\t<div class=\"elementor-widget-container\">\n\t\t\t\t\t<div class=\"elementor-icon-box-wrapper\">\n\n\t\t\t\t\t\t<div class=\"elementor-icon-box-icon\">\n\t\t\t\t<span  class=\"elementor-icon elementor-animation-\">\n\t\t\t\t<svg xmlns=\"http:\/\/www.w3.org\/2000\/svg\" width=\"30\" height=\"40\" viewBox=\"0 0 30 40\" fill=\"none\"><rect width=\"30\" height=\"40\" rx=\"15\" fill=\"#0083C0\"><\/rect><path d=\"M16.1339 25.94V29H13.1699V25.94H16.1339ZM9.22191 15.008C9.73391 13.864 10.4979 12.98 11.5139 12.356C12.5379 11.724 13.7139 11.408 15.0419 11.408C16.1379 11.408 17.0939 11.588 17.9099 11.948C18.7259 12.308 19.3579 12.8 19.8059 13.424C20.2539 14.048 20.4779 14.756 20.4779 15.548C20.4779 16.356 20.3179 17.052 19.9979 17.636C19.6779 18.22 19.2819 18.752 18.8099 19.232C18.3379 19.712 17.8659 20.192 17.3939 20.672C16.9219 21.144 16.5259 21.668 16.2059 22.244C15.8859 22.812 15.7259 23.488 15.7259 24.272H13.5779C13.5779 23.368 13.7219 22.588 14.0099 21.932C14.2979 21.268 14.6539 20.676 15.0779 20.156C15.5099 19.636 15.9379 19.148 16.3619 18.692C16.7859 18.236 17.1419 17.768 17.4299 17.288C17.7259 16.808 17.8739 16.268 17.8739 15.668C17.8739 14.932 17.6099 14.352 17.0819 13.928C16.5539 13.504 15.8699 13.292 15.0299 13.292C14.5339 13.292 14.0459 13.396 13.5659 13.604C13.0939 13.804 12.6699 14.08 12.2939 14.432C11.9259 14.784 11.6539 15.184 11.4779 15.632L9.22191 15.008Z\" fill=\"white\"><\/path><\/svg>\t\t\t\t<\/span>\n\t\t\t<\/div>\n\t\t\t\n\t\t\t\t\t\t<div class=\"elementor-icon-box-content\">\n\n\t\t\t\t\t\t\t\t\t<h3 class=\"elementor-icon-box-title\">\n\t\t\t\t\t\t<span  >\n\t\t\t\t\t\t\t\u00bfCu\u00e1l es el proceso de recuperaci\u00f3n despu\u00e9s de una cirug\u00eda l\u00e1ser?\t\t\t\t\t\t<\/span>\n\t\t\t\t\t<\/h3>\n\t\t\t\t\n\t\t\t\t\t\t\t\t\t<p class=\"elementor-icon-box-description\">\n\t\t\t\t\t\tEl per\u00edodo de recuperaci\u00f3n var\u00eda seg\u00fan el tipo de procedimiento. En general, los pacientes pueden volver a sus actividades normales en unos pocos d\u00edas, aunque es importante seguir las recomendaciones postoperatorias del m\u00e9dico para una recuperaci\u00f3n exitosa\t\t\t\t\t<\/p>\n\t\t\t\t\n\t\t\t<\/div>\n\t\t\t\n\t\t<\/div>\n\t\t\t\t<\/div>\n\t\t\t\t<\/div>\n\t\t\t\t\t<\/div>\n\t\t\t\t<\/div>\n\t\t\t\t\t<\/div>\n\t\t\t\t<\/div>\n\t\t<div class=\"elementor-element elementor-element-6bb1429 e-flex e-con-boxed e-con e-child\" data-id=\"6bb1429\" data-element_type=\"container\">\n\t\t\t\t\t<div class=\"e-con-inner\">\n\t\t<div class=\"elementor-element elementor-element-915ecba e-flex e-con-boxed elementor-invisible e-con e-child\" data-id=\"915ecba\" data-element_type=\"container\" data-settings=\"{&quot;animation&quot;:&quot;fadeInUp&quot;,&quot;animation_delay&quot;:250}\">\n\t\t\t\t\t<div class=\"e-con-inner\">\n\t\t\t\t<div class=\"elementor-element elementor-element-c54f45b elementor-position-left elementor-view-default elementor-mobile-position-top elementor-vertical-align-top elementor-widget elementor-widget-icon-box\" data-id=\"c54f45b\" data-element_type=\"widget\" data-widget_type=\"icon-box.default\">\n\t\t\t\t<div class=\"elementor-widget-container\">\n\t\t\t\t\t<div class=\"elementor-icon-box-wrapper\">\n\n\t\t\t\t\t\t<div class=\"elementor-icon-box-icon\">\n\t\t\t\t<span  class=\"elementor-icon elementor-animation-\">\n\t\t\t\t<svg xmlns=\"http:\/\/www.w3.org\/2000\/svg\" width=\"30\" height=\"40\" viewBox=\"0 0 30 40\" fill=\"none\"><rect width=\"30\" height=\"40\" rx=\"15\" fill=\"#0083C0\"><\/rect><path d=\"M16.1339 25.94V29H13.1699V25.94H16.1339ZM9.22191 15.008C9.73391 13.864 10.4979 12.98 11.5139 12.356C12.5379 11.724 13.7139 11.408 15.0419 11.408C16.1379 11.408 17.0939 11.588 17.9099 11.948C18.7259 12.308 19.3579 12.8 19.8059 13.424C20.2539 14.048 20.4779 14.756 20.4779 15.548C20.4779 16.356 20.3179 17.052 19.9979 17.636C19.6779 18.22 19.2819 18.752 18.8099 19.232C18.3379 19.712 17.8659 20.192 17.3939 20.672C16.9219 21.144 16.5259 21.668 16.2059 22.244C15.8859 22.812 15.7259 23.488 15.7259 24.272H13.5779C13.5779 23.368 13.7219 22.588 14.0099 21.932C14.2979 21.268 14.6539 20.676 15.0779 20.156C15.5099 19.636 15.9379 19.148 16.3619 18.692C16.7859 18.236 17.1419 17.768 17.4299 17.288C17.7259 16.808 17.8739 16.268 17.8739 15.668C17.8739 14.932 17.6099 14.352 17.0819 13.928C16.5539 13.504 15.8699 13.292 15.0299 13.292C14.5339 13.292 14.0459 13.396 13.5659 13.604C13.0939 13.804 12.6699 14.08 12.2939 14.432C11.9259 14.784 11.6539 15.184 11.4779 15.632L9.22191 15.008Z\" fill=\"white\"><\/path><\/svg>\t\t\t\t<\/span>\n\t\t\t<\/div>\n\t\t\t\n\t\t\t\t\t\t<div class=\"elementor-icon-box-content\">\n\n\t\t\t\t\t\t\t\t\t<h3 class=\"elementor-icon-box-title\">\n\t\t\t\t\t\t<span  >\n\t\t\t\t\t\t\t\u00bfC\u00f3mo puedo saber si soy candidato\/a para una cirug\u00eda l\u00e1ser en el Consultorio Respira Libre?\t\t\t\t\t\t<\/span>\n\t\t\t\t\t<\/h3>\n\t\t\t\t\n\t\t\t\t\t\t\t\t\t<p class=\"elementor-icon-box-description\">\n\t\t\t\t\t\tNuestro equipo m\u00e9dico altamente capacitado evaluar\u00e1 tu condici\u00f3n durante una consulta inicial. A trav\u00e9s de un examen exhaustivo y evaluaci\u00f3n de tus s\u00edntomas, determinaremos si eres candidato\/a para la cirug\u00eda l\u00e1ser\t\t\t\t\t<\/p>\n\t\t\t\t\n\t\t\t<\/div>\n\t\t\t\n\t\t<\/div>\n\t\t\t\t<\/div>\n\t\t\t\t<\/div>\n\t\t\t\t\t<\/div>\n\t\t\t\t<\/div>\n\t\t<div class=\"elementor-element elementor-element-f98b4e1 e-flex e-con-boxed elementor-invisible e-con e-child\" data-id=\"f98b4e1\" data-element_type=\"container\" data-settings=\"{&quot;animation&quot;:&quot;fadeInUp&quot;,&quot;animation_delay&quot;:300}\">\n\t\t\t\t\t<div class=\"e-con-inner\">\n\t\t\t\t<div class=\"elementor-element elementor-element-3a3ea0d elementor-position-left elementor-view-default elementor-mobile-position-top elementor-vertical-align-top elementor-widget elementor-widget-icon-box\" data-id=\"3a3ea0d\" data-element_type=\"widget\" data-widget_type=\"icon-box.default\">\n\t\t\t\t<div class=\"elementor-widget-container\">\n\t\t\t\t\t<div class=\"elementor-icon-box-wrapper\">\n\n\t\t\t\t\t\t<div class=\"elementor-icon-box-icon\">\n\t\t\t\t<span  class=\"elementor-icon elementor-animation-\">\n\t\t\t\t<svg xmlns=\"http:\/\/www.w3.org\/2000\/svg\" width=\"30\" height=\"40\" viewBox=\"0 0 30 40\" fill=\"none\"><rect width=\"30\" height=\"40\" rx=\"15\" fill=\"#0083C0\"><\/rect><path d=\"M16.1339 25.94V29H13.1699V25.94H16.1339ZM9.22191 15.008C9.73391 13.864 10.4979 12.98 11.5139 12.356C12.5379 11.724 13.7139 11.408 15.0419 11.408C16.1379 11.408 17.0939 11.588 17.9099 11.948C18.7259 12.308 19.3579 12.8 19.8059 13.424C20.2539 14.048 20.4779 14.756 20.4779 15.548C20.4779 16.356 20.3179 17.052 19.9979 17.636C19.6779 18.22 19.2819 18.752 18.8099 19.232C18.3379 19.712 17.8659 20.192 17.3939 20.672C16.9219 21.144 16.5259 21.668 16.2059 22.244C15.8859 22.812 15.7259 23.488 15.7259 24.272H13.5779C13.5779 23.368 13.7219 22.588 14.0099 21.932C14.2979 21.268 14.6539 20.676 15.0779 20.156C15.5099 19.636 15.9379 19.148 16.3619 18.692C16.7859 18.236 17.1419 17.768 17.4299 17.288C17.7259 16.808 17.8739 16.268 17.8739 15.668C17.8739 14.932 17.6099 14.352 17.0819 13.928C16.5539 13.504 15.8699 13.292 15.0299 13.292C14.5339 13.292 14.0459 13.396 13.5659 13.604C13.0939 13.804 12.6699 14.08 12.2939 14.432C11.9259 14.784 11.6539 15.184 11.4779 15.632L9.22191 15.008Z\" fill=\"white\"><\/path><\/svg>\t\t\t\t<\/span>\n\t\t\t<\/div>\n\t\t\t\n\t\t\t\t\t\t<div class=\"elementor-icon-box-content\">\n\n\t\t\t\t\t\t\t\t\t<h3 class=\"elementor-icon-box-title\">\n\t\t\t\t\t\t<span  >\n\t\t\t\t\t\t\t\u00bfCu\u00e1nto tiempo dura una cirug\u00eda l\u00e1ser en el Consultorio Respira Libre?\t\t\t\t\t\t<\/span>\n\t\t\t\t\t<\/h3>\n\t\t\t\t\n\t\t\t\t\t\t\t\t\t<p class=\"elementor-icon-box-description\">\n\t\t\t\t\t\tLa duraci\u00f3n de la cirug\u00eda l\u00e1ser var\u00eda seg\u00fan el tipo de procedimiento. En general, las cirug\u00edas l\u00e1ser suelen ser r\u00e1pidas y se realizan en el consultorio en menos de una hora\t\t\t\t\t<\/p>\n\t\t\t\t\n\t\t\t<\/div>\n\t\t\t\n\t\t<\/div>\n\t\t\t\t<\/div>\n\t\t\t\t<\/div>\n\t\t\t\t\t<\/div>\n\t\t\t\t<\/div>\n\t\t<div class=\"elementor-element elementor-element-e94849f e-flex e-con-boxed elementor-invisible e-con e-child\" data-id=\"e94849f\" data-element_type=\"container\" data-settings=\"{&quot;animation&quot;:&quot;fadeInUp&quot;,&quot;animation_delay&quot;:350}\">\n\t\t\t\t\t<div class=\"e-con-inner\">\n\t\t\t\t<div class=\"elementor-element elementor-element-4f58ff1 elementor-position-left elementor-view-default elementor-mobile-position-top elementor-vertical-align-top elementor-widget elementor-widget-icon-box\" data-id=\"4f58ff1\" data-element_type=\"widget\" data-widget_type=\"icon-box.default\">\n\t\t\t\t<div class=\"elementor-widget-container\">\n\t\t\t\t\t<div class=\"elementor-icon-box-wrapper\">\n\n\t\t\t\t\t\t<div class=\"elementor-icon-box-icon\">\n\t\t\t\t<span  class=\"elementor-icon elementor-animation-\">\n\t\t\t\t<svg xmlns=\"http:\/\/www.w3.org\/2000\/svg\" width=\"30\" height=\"40\" viewBox=\"0 0 30 40\" fill=\"none\"><rect width=\"30\" height=\"40\" rx=\"15\" fill=\"#0083C0\"><\/rect><path d=\"M16.1339 25.94V29H13.1699V25.94H16.1339ZM9.22191 15.008C9.73391 13.864 10.4979 12.98 11.5139 12.356C12.5379 11.724 13.7139 11.408 15.0419 11.408C16.1379 11.408 17.0939 11.588 17.9099 11.948C18.7259 12.308 19.3579 12.8 19.8059 13.424C20.2539 14.048 20.4779 14.756 20.4779 15.548C20.4779 16.356 20.3179 17.052 19.9979 17.636C19.6779 18.22 19.2819 18.752 18.8099 19.232C18.3379 19.712 17.8659 20.192 17.3939 20.672C16.9219 21.144 16.5259 21.668 16.2059 22.244C15.8859 22.812 15.7259 23.488 15.7259 24.272H13.5779C13.5779 23.368 13.7219 22.588 14.0099 21.932C14.2979 21.268 14.6539 20.676 15.0779 20.156C15.5099 19.636 15.9379 19.148 16.3619 18.692C16.7859 18.236 17.1419 17.768 17.4299 17.288C17.7259 16.808 17.8739 16.268 17.8739 15.668C17.8739 14.932 17.6099 14.352 17.0819 13.928C16.5539 13.504 15.8699 13.292 15.0299 13.292C14.5339 13.292 14.0459 13.396 13.5659 13.604C13.0939 13.804 12.6699 14.08 12.2939 14.432C11.9259 14.784 11.6539 15.184 11.4779 15.632L9.22191 15.008Z\" fill=\"white\"><\/path><\/svg>\t\t\t\t<\/span>\n\t\t\t<\/div>\n\t\t\t\n\t\t\t\t\t\t<div class=\"elementor-icon-box-content\">\n\n\t\t\t\t\t\t\t\t\t<h3 class=\"elementor-icon-box-title\">\n\t\t\t\t\t\t<span  >\n\t\t\t\t\t\t\t\u00bfCu\u00e1l es la tasa de \u00e9xito de las cirug\u00edas l\u00e1ser en Consultorio Respira Libre?\t\t\t\t\t\t<\/span>\n\t\t\t\t\t<\/h3>\n\t\t\t\t\n\t\t\t\t\t\t\t\t\t<p class=\"elementor-icon-box-description\">\n\t\t\t\t\t\tLa tasa de \u00e9xito de las cirug\u00edas l\u00e1ser en Consultorio Respira Libre es muy alta. Sin embargo, es importante tener en cuenta que los resultados pueden variar seg\u00fan el paciente y su situaci\u00f3n m\u00e9dica espec\u00edfica. Durante la consulta inicial, te proporcionaremos informaci\u00f3n detallada sobre las expectativas de resultados\t\t\t\t\t<\/p>\n\t\t\t\t\n\t\t\t<\/div>\n\t\t\t\n\t\t<\/div>\n\t\t\t\t<\/div>\n\t\t\t\t<\/div>\n\t\t\t\t\t<\/div>\n\t\t\t\t<\/div>\n\t\t\t\t\t<\/div>\n\t\t\t\t<\/div>\n\t\t\t\t\t<\/div>\n\t\t\t\t<\/div>\n\t\t\t\t<\/div>\n\t\t","protected":false},"excerpt":{"rendered":"<p>Bienvenido a nuestra secci\u00f3n de Preguntas Frecuentes (FAQ) En Respira Libre, entendemos que cuando buscas soluciones para tu salud y bienestar, es natural tener preguntas. Aqu\u00ed, hemos recopilado las respuestas a las consultas m\u00e1s comunes que nuestros visitantes suelen plantear. \u00bfQu\u00e9 tipos de cirug\u00eda l\u00e1ser se realizan en Consultorio Respira Libre? En Consultorio Respira Libre [&hellip;]<\/p>\n","protected":false},"author":4,"featured_media":0,"parent":0,"menu_order":0,"comment_status":"closed","ping_status":"closed","template":"","meta":{"footnotes":""},"class_list":["post-2635","page","type-page","status-publish","hentry"],"_links":{"self":[{"href":"https:\/\/respiralibre.com\/index.php\/wp-json\/wp\/v2\/pages\/2635","targetHints":{"allow":["GET"]}}],"collection":[{"href":"https:\/\/respiralibre.com\/index.php\/wp-json\/wp\/v2\/pages"}],"about":[{"href":"https:\/\/respiralibre.com\/index.php\/wp-json\/wp\/v2\/types\/page"}],"author":[{"embeddable":true,"href":"https:\/\/respiralibre.com\/index.php\/wp-json\/wp\/v2\/users\/4"}],"replies":[{"embeddable":true,"href":"https:\/\/respiralibre.com\/index.php\/wp-json\/wp\/v2\/comments?post=2635"}],"version-history":[{"count":16,"href":"https:\/\/respiralibre.com\/index.php\/wp-json\/wp\/v2\/pages\/2635\/revisions"}],"predecessor-version":[{"id":3184,"href":"https:\/\/respiralibre.com\/index.php\/wp-json\/wp\/v2\/pages\/2635\/revisions\/3184"}],"wp:attachment":[{"href":"https:\/\/respiralibre.com\/index.php\/wp-json\/wp\/v2\/media?parent=2635"}],"curies":[{"name":"wp","href":"https:\/\/api.w.org\/{rel}","templated":true}]}}